{"id":104,"date":"2021-10-25T14:32:21","date_gmt":"2021-10-25T14:32:21","guid":{"rendered":"https:\/\/comercialjeymar.com\/backus\/?post_type=product&#038;p=104"},"modified":"2021-10-25T17:51:40","modified_gmt":"2021-10-25T17:51:40","slug":"tablero-de-plastico","status":"publish","type":"product","link":"https:\/\/comercialjeymar.com\/backus\/producto\/tablero-de-plastico\/","title":{"rendered":"Tablero de pl\u00e1stico"},"content":{"rendered":"<p>Tablero de pl\u00e1stico con gancho cromado tama\u00f1o A4 (Artesco)<\/p>\n","protected":false},"excerpt":{"rendered":"<p>Tablero de pl\u00e1stico con gancho cromado tama\u00f1o A4 (Artesco)<\/p>\n","protected":false},"featured_media":105,"comment_status":"open","ping_status":"closed","template":"","meta":[],"product_cat":[39],"product_tag":[],"class_list":["post-104","product","type-product","status-publish","has-post-thumbnail","hentry","product_cat-18-utiles-de-oficina"],"_links":{"self":[{"href":"https:\/\/comercialjeymar.com\/backus\/wp-json\/wp\/v2\/product\/104","targetHints":{"allow":["GET"]}}],"collection":[{"href":"https:\/\/comercialjeymar.com\/backus\/wp-json\/wp\/v2\/product"}],"about":[{"href":"https:\/\/comercialjeymar.com\/backus\/wp-json\/wp\/v2\/types\/product"}],"replies":[{"embeddable":true,"href":"https:\/\/comercialjeymar.com\/backus\/wp-json\/wp\/v2\/comments?post=104"}],"wp:featuredmedia":[{"embeddable":true,"href":"https:\/\/comercialjeymar.com\/backus\/wp-json\/wp\/v2\/media\/105"}],"wp:attachment":[{"href":"https:\/\/comercialjeymar.com\/backus\/wp-json\/wp\/v2\/media?parent=104"}],"wp:term":[{"taxonomy":"product_cat","embeddable":true,"href":"https:\/\/comercialjeymar.com\/backus\/wp-json\/wp\/v2\/product_cat?post=104"},{"taxonomy":"product_tag","embeddable":true,"href":"https:\/\/comercialjeymar.com\/backus\/wp-json\/wp\/v2\/product_tag?post=104"}],"curies":[{"name":"wp","href":"https:\/\/api.w.org\/{rel}","templated":true}]}}