{"id":83,"date":"2021-10-25T14:16:50","date_gmt":"2021-10-25T14:16:50","guid":{"rendered":"https:\/\/comercialjeymar.com\/backus\/?post_type=product&#038;p=83"},"modified":"2021-10-25T17:53:20","modified_gmt":"2021-10-25T17:53:20","slug":"numerador-de-8-digitos","status":"publish","type":"product","link":"https:\/\/comercialjeymar.com\/backus\/producto\/numerador-de-8-digitos\/","title":{"rendered":"Numerador de 8 d\u00edgitos"},"content":{"rendered":"<p>Numerador de 8 d\u00edgitos met\u00e1lico (Foska)<\/p>\n","protected":false},"excerpt":{"rendered":"<p>Numerador de 8 d\u00edgitos met\u00e1lico (Foska)<\/p>\n","protected":false},"featured_media":84,"comment_status":"open","ping_status":"closed","template":"","meta":[],"product_cat":[39],"product_tag":[],"class_list":["post-83","product","type-product","status-publish","has-post-thumbnail","hentry","product_cat-18-utiles-de-oficina"],"_links":{"self":[{"href":"https:\/\/comercialjeymar.com\/backus\/wp-json\/wp\/v2\/product\/83","targetHints":{"allow":["GET"]}}],"collection":[{"href":"https:\/\/comercialjeymar.com\/backus\/wp-json\/wp\/v2\/product"}],"about":[{"href":"https:\/\/comercialjeymar.com\/backus\/wp-json\/wp\/v2\/types\/product"}],"replies":[{"embeddable":true,"href":"https:\/\/comercialjeymar.com\/backus\/wp-json\/wp\/v2\/comments?post=83"}],"wp:featuredmedia":[{"embeddable":true,"href":"https:\/\/comercialjeymar.com\/backus\/wp-json\/wp\/v2\/media\/84"}],"wp:attachment":[{"href":"https:\/\/comercialjeymar.com\/backus\/wp-json\/wp\/v2\/media?parent=83"}],"wp:term":[{"taxonomy":"product_cat","embeddable":true,"href":"https:\/\/comercialjeymar.com\/backus\/wp-json\/wp\/v2\/product_cat?post=83"},{"taxonomy":"product_tag","embeddable":true,"href":"https:\/\/comercialjeymar.com\/backus\/wp-json\/wp\/v2\/product_tag?post=83"}],"curies":[{"name":"wp","href":"https:\/\/api.w.org\/{rel}","templated":true}]}}