{"id":98,"date":"2021-10-25T14:27:39","date_gmt":"2021-10-25T14:27:39","guid":{"rendered":"https:\/\/comercialjeymar.com\/backus\/?post_type=product&#038;p=98"},"modified":"2021-10-25T17:52:04","modified_gmt":"2021-10-25T17:52:04","slug":"portaclips-cilindrico","status":"publish","type":"product","link":"https:\/\/comercialjeymar.com\/backus\/producto\/portaclips-cilindrico\/","title":{"rendered":"Portaclips cil\u00edndrico"},"content":{"rendered":"<p>Portaclips con im\u00e1n cil\u00edndrico (Artesco)<\/p>\n","protected":false},"excerpt":{"rendered":"<p>Portaclips con im\u00e1n cil\u00edndrico (Artesco)<\/p>\n","protected":false},"featured_media":99,"comment_status":"open","ping_status":"closed","template":"","meta":[],"product_cat":[39],"product_tag":[],"class_list":["post-98","product","type-product","status-publish","has-post-thumbnail","hentry","product_cat-18-utiles-de-oficina"],"_links":{"self":[{"href":"https:\/\/comercialjeymar.com\/backus\/wp-json\/wp\/v2\/product\/98","targetHints":{"allow":["GET"]}}],"collection":[{"href":"https:\/\/comercialjeymar.com\/backus\/wp-json\/wp\/v2\/product"}],"about":[{"href":"https:\/\/comercialjeymar.com\/backus\/wp-json\/wp\/v2\/types\/product"}],"replies":[{"embeddable":true,"href":"https:\/\/comercialjeymar.com\/backus\/wp-json\/wp\/v2\/comments?post=98"}],"wp:featuredmedia":[{"embeddable":true,"href":"https:\/\/comercialjeymar.com\/backus\/wp-json\/wp\/v2\/media\/99"}],"wp:attachment":[{"href":"https:\/\/comercialjeymar.com\/backus\/wp-json\/wp\/v2\/media?parent=98"}],"wp:term":[{"taxonomy":"product_cat","embeddable":true,"href":"https:\/\/comercialjeymar.com\/backus\/wp-json\/wp\/v2\/product_cat?post=98"},{"taxonomy":"product_tag","embeddable":true,"href":"https:\/\/comercialjeymar.com\/backus\/wp-json\/wp\/v2\/product_tag?post=98"}],"curies":[{"name":"wp","href":"https:\/\/api.w.org\/{rel}","templated":true}]}}